{"id":395,"date":"2024-04-29T10:11:58","date_gmt":"2024-04-29T10:11:58","guid":{"rendered":"https:\/\/www.drome-accueil-solidaire.org\/?page_id=395"},"modified":"2024-10-20T22:26:31","modified_gmt":"2024-10-20T22:26:31","slug":"solidarloc-vie-de-lassociation","status":"publish","type":"page","link":"https:\/\/www.drome-accueil-solidaire.org\/?page_id=395","title":{"rendered":"Vie de l&rsquo;association"},"content":{"rendered":"\n<div class=\"wp-block-media-text has-media-on-the-right is-stacked-on-mobile\" style=\"grid-template-columns:auto 15%\"><div class=\"wp-block-media-text__content\">\n<p class=\"has-large-font-size\"><strong><mark style=\"background-color:rgba(0, 0, 0, 0)\" class=\"has-inline-color has-secondary-color\"><mark style=\"background-color:rgba(0, 0, 0, 0)\" class=\"has-inline-color has-secondary-color\"><\/mark><\/mark><\/strong><\/p>\n<\/div><figure class=\"wp-block-media-text__media\"><a href=\"https:\/\/www.drome-accueil-solidaire.org\/?page_id=323\" target=\"_blank\" rel=\"noreferrer noopener\"><img loading=\"lazy\" decoding=\"async\" width=\"282\" height=\"253\" src=\"https:\/\/www.drome-accueil-solidaire.org\/wp-content\/uploads\/2024\/05\/Solidarloc-accueil.png\" alt=\"\" class=\"wp-image-559 size-full\"\/><\/a><\/figure><\/div>\n\n\n\n<p class=\"has-secondary-color has-text-color has-link-color has-large-font-size wp-elements-bcdb4bdfe0b5a77191d3f9bcd968fe35\"><strong>12 octobre 2024 La brocante solidaire<\/strong><\/p>\n\n\n\n<figure class=\"wp-block-image size-large is-resized\"><a href=\"https:\/\/www.drome-accueil-solidaire.org\/wp-content\/uploads\/2024\/10\/Solidarloc-brocante.jpg\" target=\"_blank\" rel=\"noreferrer noopener\"><img loading=\"lazy\" decoding=\"async\" width=\"1016\" height=\"1024\" src=\"https:\/\/www.drome-accueil-solidaire.org\/wp-content\/uploads\/2024\/10\/Solidarloc-brocante-1016x1024.jpg\" alt=\"\" class=\"wp-image-663\" style=\"width:487px;height:auto\" srcset=\"https:\/\/www.drome-accueil-solidaire.org\/wp-content\/uploads\/2024\/10\/Solidarloc-brocante-1016x1024.jpg 1016w, https:\/\/www.drome-accueil-solidaire.org\/wp-content\/uploads\/2024\/10\/Solidarloc-brocante-298x300.jpg 298w, https:\/\/www.drome-accueil-solidaire.org\/wp-content\/uploads\/2024\/10\/Solidarloc-brocante-150x150.jpg 150w, https:\/\/www.drome-accueil-solidaire.org\/wp-content\/uploads\/2024\/10\/Solidarloc-brocante-768x774.jpg 768w, https:\/\/www.drome-accueil-solidaire.org\/wp-content\/uploads\/2024\/10\/Solidarloc-brocante.jpg 1200w\" sizes=\"auto, (max-width: 1016px) 100vw, 1016px\" \/><\/a><\/figure>\n\n\n\n<h2 class=\"wp-block-heading has-secondary-color has-text-color has-link-color has-large-font-size wp-elements-318992ac837b59b09f8f404b2e315f18\"><strong>23 mai 2024 Le repas solidaire des r\u00e9sidents<\/strong><\/h2>\n\n\n\n<div class=\"wp-block-media-text has-media-on-the-right is-stacked-on-mobile\" style=\"grid-template-columns:auto 31%\"><div class=\"wp-block-media-text__content\">\n<p>Les r\u00e9sidentes de la Maison Marguerite, m\u00e8res c\u00e9libataires sans ressources, ont eu \u00e0 c\u0153ur de contribuer aux charges de la maison. Elles ont lanc\u00e9 une invitation \u00e0 participer \u00e0 un repas compos\u00e9 de sp\u00e9cialit\u00e9s de leurs pays d&rsquo;origine et pr\u00e9par\u00e9 par leurs soins.<\/p>\n\n\n\n<p>35 repas succulents ont \u00e9t\u00e9 servis dans une ambiance chaleureuse \u00e0 ceux qui avaient r\u00e9pondu \u00e0 l&rsquo;appel.<\/p>\n<\/div><figure class=\"wp-block-media-text__media\"><a href=\"https:\/\/www.drome-accueil-solidaire.org\/wp-content\/uploads\/2024\/05\/Solidarloc-2024-05-23-MM-repas-solidaire.jpg\" target=\"_blank\" rel=\"noreferrer noopener\"><img loading=\"lazy\" decoding=\"async\" width=\"596\" height=\"898\" src=\"https:\/\/www.drome-accueil-solidaire.org\/wp-content\/uploads\/2024\/05\/Solidarloc-2024-05-23-MM-repas-solidaire.jpg\" alt=\"\" class=\"wp-image-421 size-full\" srcset=\"https:\/\/www.drome-accueil-solidaire.org\/wp-content\/uploads\/2024\/05\/Solidarloc-2024-05-23-MM-repas-solidaire.jpg 596w, https:\/\/www.drome-accueil-solidaire.org\/wp-content\/uploads\/2024\/05\/Solidarloc-2024-05-23-MM-repas-solidaire-199x300.jpg 199w\" sizes=\"auto, (max-width: 596px) 100vw, 596px\" \/><\/a><\/figure><\/div>\n\n\n\n<figure class=\"wp-block-gallery has-nested-images columns-default is-cropped wp-block-gallery-1 is-layout-flex wp-block-gallery-is-layout-flex\">\n<figure class=\"wp-block-image size-large\"><a href=\"https:\/\/www.drome-accueil-solidaire.org\/wp-content\/uploads\/2024\/06\/Solidarloc-MM-repas-solidaire-1.jpg\" target=\"_blank\" rel=\"noreferrer noopener\"><img loading=\"lazy\" decoding=\"async\" width=\"812\" height=\"1024\" data-id=\"575\" src=\"https:\/\/www.drome-accueil-solidaire.org\/wp-content\/uploads\/2024\/06\/Solidarloc-MM-repas-solidaire-1-812x1024.jpg\" alt=\"\" class=\"wp-image-575\" srcset=\"https:\/\/www.drome-accueil-solidaire.org\/wp-content\/uploads\/2024\/06\/Solidarloc-MM-repas-solidaire-1-812x1024.jpg 812w, https:\/\/www.drome-accueil-solidaire.org\/wp-content\/uploads\/2024\/06\/Solidarloc-MM-repas-solidaire-1-238x300.jpg 238w, https:\/\/www.drome-accueil-solidaire.org\/wp-content\/uploads\/2024\/06\/Solidarloc-MM-repas-solidaire-1-768x969.jpg 768w, https:\/\/www.drome-accueil-solidaire.org\/wp-content\/uploads\/2024\/06\/Solidarloc-MM-repas-solidaire-1.jpg 900w\" sizes=\"auto, (max-width: 812px) 100vw, 812px\" \/><\/a><\/figure>\n\n\n\n<figure class=\"wp-block-image size-large\"><a href=\"https:\/\/www.drome-accueil-solidaire.org\/wp-content\/uploads\/2024\/06\/Solidarloc-MM-repas-solidaire-2.jpg\" target=\"_blank\" rel=\"noreferrer noopener\"><img loading=\"lazy\" decoding=\"async\" width=\"1024\" height=\"795\" data-id=\"576\" src=\"https:\/\/www.drome-accueil-solidaire.org\/wp-content\/uploads\/2024\/06\/Solidarloc-MM-repas-solidaire-2-1024x795.jpg\" alt=\"\" class=\"wp-image-576\" srcset=\"https:\/\/www.drome-accueil-solidaire.org\/wp-content\/uploads\/2024\/06\/Solidarloc-MM-repas-solidaire-2-1024x795.jpg 1024w, https:\/\/www.drome-accueil-solidaire.org\/wp-content\/uploads\/2024\/06\/Solidarloc-MM-repas-solidaire-2-300x233.jpg 300w, https:\/\/www.drome-accueil-solidaire.org\/wp-content\/uploads\/2024\/06\/Solidarloc-MM-repas-solidaire-2-768x596.jpg 768w, https:\/\/www.drome-accueil-solidaire.org\/wp-content\/uploads\/2024\/06\/Solidarloc-MM-repas-solidaire-2.jpg 1500w\" sizes=\"auto, (max-width: 1024px) 100vw, 1024px\" \/><\/a><\/figure>\n\n\n\n<figure class=\"wp-block-image size-large\"><a href=\"https:\/\/www.drome-accueil-solidaire.org\/wp-content\/uploads\/2024\/06\/Solidarloc-MM-repas-solidaire-3.jpg\" target=\"_blank\" rel=\"noreferrer noopener\"><img loading=\"lazy\" decoding=\"async\" width=\"1024\" height=\"730\" data-id=\"577\" src=\"https:\/\/www.drome-accueil-solidaire.org\/wp-content\/uploads\/2024\/06\/Solidarloc-MM-repas-solidaire-3-1024x730.jpg\" alt=\"\" class=\"wp-image-577\" srcset=\"https:\/\/www.drome-accueil-solidaire.org\/wp-content\/uploads\/2024\/06\/Solidarloc-MM-repas-solidaire-3-1024x730.jpg 1024w, https:\/\/www.drome-accueil-solidaire.org\/wp-content\/uploads\/2024\/06\/Solidarloc-MM-repas-solidaire-3-300x214.jpg 300w, https:\/\/www.drome-accueil-solidaire.org\/wp-content\/uploads\/2024\/06\/Solidarloc-MM-repas-solidaire-3-768x547.jpg 768w, https:\/\/www.drome-accueil-solidaire.org\/wp-content\/uploads\/2024\/06\/Solidarloc-MM-repas-solidaire-3.jpg 1200w\" sizes=\"auto, (max-width: 1024px) 100vw, 1024px\" \/><\/a><\/figure>\n<\/figure>\n\n\n\n<p><\/p>\n\n\n\n<p class=\"has-large-font-size\" style=\"margin-top:var(--wp--preset--spacing--80);margin-right:0;margin-bottom:0;margin-left:0\"><mark style=\"background-color:rgba(0, 0, 0, 0)\" class=\"has-inline-color has-secondary-color\"><strong>2023 -2024 <\/strong><\/mark><strong><mark style=\"background-color:rgba(0, 0, 0, 0)\" class=\"has-inline-color has-secondary-color\">M<\/mark><\/strong><strong><mark style=\"background-color:rgba(0, 0, 0, 0)\" class=\"has-inline-color has-secondary-color\">ise en valeur de la Maison Marguerite<\/mark><\/strong><\/p>\n\n\n\n<p>Fin 2023 d\u00e9but 2024, un chantier a \u00e9t\u00e9 men\u00e9 c\u00f4t\u00e9 cour \u00e0 la Maison Marguerite, avec l&rsquo;isolation de la fa\u00e7ade nord, et l&rsquo;am\u00e9nagement de la courette pour la rendre pus accueillante. Le tout gr\u00e2ce \u00e0 une campagne de financement participatif pour la partie isolation, gr\u00e2ce \u00e0 la plateforme <a href=\"https:\/\/www.lespetitespierres.org\/\" target=\"_blank\" rel=\"noreferrer noopener\">Les Petites Pierres<\/a>, et \u00e0 l&rsquo;engagement des b\u00e9n\u00e9voles pour la courette.<\/p>\n\n\n\n<div class=\"wp-block-media-text is-stacked-on-mobile\" style=\"grid-template-columns:30% auto\"><figure class=\"wp-block-media-text__media\"><a href=\"https:\/\/www.drome-accueil-solidaire.org\/wp-content\/uploads\/2024\/05\/Solidarloc-MM-renovation-2023-2024-3.jpg\" target=\"_blank\" rel=\"noreferrer noopener\"><img loading=\"lazy\" decoding=\"async\" width=\"768\" height=\"1024\" src=\"https:\/\/www.drome-accueil-solidaire.org\/wp-content\/uploads\/2024\/05\/Solidarloc-MM-renovation-2023-2024-3-768x1024.jpg\" alt=\"\" class=\"wp-image-498 size-full\" srcset=\"https:\/\/www.drome-accueil-solidaire.org\/wp-content\/uploads\/2024\/05\/Solidarloc-MM-renovation-2023-2024-3-768x1024.jpg 768w, https:\/\/www.drome-accueil-solidaire.org\/wp-content\/uploads\/2024\/05\/Solidarloc-MM-renovation-2023-2024-3-225x300.jpg 225w, https:\/\/www.drome-accueil-solidaire.org\/wp-content\/uploads\/2024\/05\/Solidarloc-MM-renovation-2023-2024-3-1152x1536.jpg 1152w, https:\/\/www.drome-accueil-solidaire.org\/wp-content\/uploads\/2024\/05\/Solidarloc-MM-renovation-2023-2024-3.jpg 1200w\" sizes=\"auto, (max-width: 768px) 100vw, 768px\" \/><\/a><\/figure><div class=\"wp-block-media-text__content\">\n<p>La fa\u00e7ade pendant travaux et apr\u00e8s isolation<\/p>\n\n\n\n<figure class=\"wp-block-image size-large is-resized\"><a href=\"https:\/\/www.drome-accueil-solidaire.org\/wp-content\/uploads\/2024\/05\/Solidarloc-MM-renovation-2023-2024-5.jpg\" target=\"_blank\" rel=\"noreferrer noopener\"><img loading=\"lazy\" decoding=\"async\" width=\"768\" height=\"1024\" src=\"https:\/\/www.drome-accueil-solidaire.org\/wp-content\/uploads\/2024\/05\/Solidarloc-MM-renovation-2023-2024-5-768x1024.jpg\" alt=\"\" class=\"wp-image-504\" style=\"width:236px;height:auto\" srcset=\"https:\/\/www.drome-accueil-solidaire.org\/wp-content\/uploads\/2024\/05\/Solidarloc-MM-renovation-2023-2024-5-768x1024.jpg 768w, https:\/\/www.drome-accueil-solidaire.org\/wp-content\/uploads\/2024\/05\/Solidarloc-MM-renovation-2023-2024-5-225x300.jpg 225w, https:\/\/www.drome-accueil-solidaire.org\/wp-content\/uploads\/2024\/05\/Solidarloc-MM-renovation-2023-2024-5-1152x1536.jpg 1152w, https:\/\/www.drome-accueil-solidaire.org\/wp-content\/uploads\/2024\/05\/Solidarloc-MM-renovation-2023-2024-5.jpg 1200w\" sizes=\"auto, (max-width: 768px) 100vw, 768px\" \/><\/a><\/figure>\n<\/div><\/div>\n\n\n\n<p>Il restait du boulot, et ce sont les b\u00e9n\u00e9voles qui ont \u0153uvr\u00e9&#8230;<\/p>\n\n\n\n<figure class=\"wp-block-gallery has-nested-images columns-4 is-cropped wp-block-gallery-2 is-layout-flex wp-block-gallery-is-layout-flex\">\n<figure class=\"wp-block-image size-large\"><a href=\"https:\/\/www.drome-accueil-solidaire.org\/wp-content\/uploads\/2024\/05\/Solidarloc-MM-renovation-2023-2024-14.jpg\" target=\"_blank\" rel=\"noreferrer noopener\"><img loading=\"lazy\" decoding=\"async\" width=\"768\" height=\"1024\" data-id=\"509\" src=\"https:\/\/www.drome-accueil-solidaire.org\/wp-content\/uploads\/2024\/05\/Solidarloc-MM-renovation-2023-2024-14-768x1024.jpg\" alt=\"\" class=\"wp-image-509\" srcset=\"https:\/\/www.drome-accueil-solidaire.org\/wp-content\/uploads\/2024\/05\/Solidarloc-MM-renovation-2023-2024-14-768x1024.jpg 768w, https:\/\/www.drome-accueil-solidaire.org\/wp-content\/uploads\/2024\/05\/Solidarloc-MM-renovation-2023-2024-14-225x300.jpg 225w, https:\/\/www.drome-accueil-solidaire.org\/wp-content\/uploads\/2024\/05\/Solidarloc-MM-renovation-2023-2024-14-1152x1536.jpg 1152w, https:\/\/www.drome-accueil-solidaire.org\/wp-content\/uploads\/2024\/05\/Solidarloc-MM-renovation-2023-2024-14.jpg 1200w\" sizes=\"auto, (max-width: 768px) 100vw, 768px\" \/><\/a><\/figure>\n\n\n\n<figure class=\"wp-block-image size-large\"><a href=\"https:\/\/www.drome-accueil-solidaire.org\/wp-content\/uploads\/2024\/05\/Solidarloc-MM-renovation-2023-2024-1.jpg\" target=\"_blank\" rel=\"noreferrer noopener\"><img loading=\"lazy\" decoding=\"async\" width=\"768\" height=\"1024\" data-id=\"510\" src=\"https:\/\/www.drome-accueil-solidaire.org\/wp-content\/uploads\/2024\/05\/Solidarloc-MM-renovation-2023-2024-1-768x1024.jpg\" alt=\"\" class=\"wp-image-510\" srcset=\"https:\/\/www.drome-accueil-solidaire.org\/wp-content\/uploads\/2024\/05\/Solidarloc-MM-renovation-2023-2024-1-768x1024.jpg 768w, https:\/\/www.drome-accueil-solidaire.org\/wp-content\/uploads\/2024\/05\/Solidarloc-MM-renovation-2023-2024-1-225x300.jpg 225w, https:\/\/www.drome-accueil-solidaire.org\/wp-content\/uploads\/2024\/05\/Solidarloc-MM-renovation-2023-2024-1-1152x1536.jpg 1152w, https:\/\/www.drome-accueil-solidaire.org\/wp-content\/uploads\/2024\/05\/Solidarloc-MM-renovation-2023-2024-1.jpg 1200w\" sizes=\"auto, (max-width: 768px) 100vw, 768px\" \/><\/a><\/figure>\n\n\n\n<figure class=\"wp-block-image size-large\"><a href=\"https:\/\/www.drome-accueil-solidaire.org\/wp-content\/uploads\/2024\/05\/Solidarloc-MM-renovation-2023-2024-2.jpg\" target=\"_blank\" rel=\"noreferrer noopener\"><img loading=\"lazy\" decoding=\"async\" width=\"768\" height=\"1024\" data-id=\"511\" src=\"https:\/\/www.drome-accueil-solidaire.org\/wp-content\/uploads\/2024\/05\/Solidarloc-MM-renovation-2023-2024-2-768x1024.jpg\" alt=\"\" class=\"wp-image-511\" srcset=\"https:\/\/www.drome-accueil-solidaire.org\/wp-content\/uploads\/2024\/05\/Solidarloc-MM-renovation-2023-2024-2-768x1024.jpg 768w, https:\/\/www.drome-accueil-solidaire.org\/wp-content\/uploads\/2024\/05\/Solidarloc-MM-renovation-2023-2024-2-225x300.jpg 225w, https:\/\/www.drome-accueil-solidaire.org\/wp-content\/uploads\/2024\/05\/Solidarloc-MM-renovation-2023-2024-2-1152x1536.jpg 1152w, https:\/\/www.drome-accueil-solidaire.org\/wp-content\/uploads\/2024\/05\/Solidarloc-MM-renovation-2023-2024-2.jpg 1200w\" sizes=\"auto, (max-width: 768px) 100vw, 768px\" \/><\/a><\/figure>\n\n\n\n<figure class=\"wp-block-image size-large\"><a href=\"https:\/\/www.drome-accueil-solidaire.org\/wp-content\/uploads\/2024\/05\/Solidarloc-MM-renovation-2023-2024-4.jpg\" target=\"_blank\" rel=\"noreferrer noopener\"><img loading=\"lazy\" decoding=\"async\" width=\"768\" height=\"1024\" data-id=\"512\" src=\"https:\/\/www.drome-accueil-solidaire.org\/wp-content\/uploads\/2024\/05\/Solidarloc-MM-renovation-2023-2024-4-768x1024.jpg\" alt=\"\" class=\"wp-image-512\" srcset=\"https:\/\/www.drome-accueil-solidaire.org\/wp-content\/uploads\/2024\/05\/Solidarloc-MM-renovation-2023-2024-4-768x1024.jpg 768w, https:\/\/www.drome-accueil-solidaire.org\/wp-content\/uploads\/2024\/05\/Solidarloc-MM-renovation-2023-2024-4-225x300.jpg 225w, https:\/\/www.drome-accueil-solidaire.org\/wp-content\/uploads\/2024\/05\/Solidarloc-MM-renovation-2023-2024-4-1152x1536.jpg 1152w, https:\/\/www.drome-accueil-solidaire.org\/wp-content\/uploads\/2024\/05\/Solidarloc-MM-renovation-2023-2024-4.jpg 1200w\" sizes=\"auto, (max-width: 768px) 100vw, 768px\" \/><\/a><\/figure>\n<\/figure>\n\n\n\n<div class=\"wp-block-media-text is-stacked-on-mobile is-vertically-aligned-top\" style=\"grid-template-columns:29% auto\"><figure class=\"wp-block-media-text__media\"><a href=\"https:\/\/www.drome-accueil-solidaire.org\/wp-content\/uploads\/2024\/05\/Solidarloc-MM-renovee-4-small.jpg\" target=\"_blank\" rel=\"noreferrer noopener\"><img loading=\"lazy\" decoding=\"async\" width=\"563\" height=\"1000\" src=\"https:\/\/www.drome-accueil-solidaire.org\/wp-content\/uploads\/2024\/05\/Solidarloc-MM-renovee-4-small.jpg\" alt=\"\" class=\"wp-image-518 size-full\" srcset=\"https:\/\/www.drome-accueil-solidaire.org\/wp-content\/uploads\/2024\/05\/Solidarloc-MM-renovee-4-small.jpg 563w, https:\/\/www.drome-accueil-solidaire.org\/wp-content\/uploads\/2024\/05\/Solidarloc-MM-renovee-4-small-169x300.jpg 169w\" sizes=\"auto, (max-width: 563px) 100vw, 563px\" \/><\/a><\/figure><div class=\"wp-block-media-text__content\">\n<p>\u2026pour un superbe r\u00e9sultat !<\/p>\n\n\n\n<p><\/p>\n\n\n\n<p class=\"has-text-align-right\">        Il restait \u00e0 se retrouver pour l&rsquo;inauguration autour d&rsquo;un repas collectif pr\u00e9par\u00e9 par les r\u00e9sidents le 1er mai 2024<\/p>\n\n\n\n<div class=\"wp-block-columns is-layout-flex wp-container-core-columns-is-layout-28f84493 wp-block-columns-is-layout-flex\">\n<div class=\"wp-block-column is-layout-flow wp-block-column-is-layout-flow\" style=\"flex-basis:100%\">\n<figure class=\"wp-block-gallery has-nested-images columns-default is-cropped wp-block-gallery-3 is-layout-flex wp-block-gallery-is-layout-flex\">\n<figure class=\"wp-block-image size-full\"><a href=\"https:\/\/www.drome-accueil-solidaire.org\/wp-content\/uploads\/2024\/04\/Solidarloc-affiche-fete-01-05-2024.png\" target=\"_blank\" rel=\"noreferrer noopener\"><img loading=\"lazy\" decoding=\"async\" width=\"696\" height=\"933\" data-id=\"356\" src=\"https:\/\/www.drome-accueil-solidaire.org\/wp-content\/uploads\/2024\/04\/Solidarloc-affiche-fete-01-05-2024.png\" alt=\"\" class=\"wp-image-356\" srcset=\"https:\/\/www.drome-accueil-solidaire.org\/wp-content\/uploads\/2024\/04\/Solidarloc-affiche-fete-01-05-2024.png 696w, https:\/\/www.drome-accueil-solidaire.org\/wp-content\/uploads\/2024\/04\/Solidarloc-affiche-fete-01-05-2024-224x300.png 224w\" sizes=\"auto, (max-width: 696px) 100vw, 696px\" \/><\/a><\/figure>\n\n\n\n<figure class=\"wp-block-image size-full\"><a href=\"https:\/\/www.drome-accueil-solidaire.org\/wp-content\/uploads\/2024\/05\/Solidarloc-MM-inauguration-renovation-1-small.jpg\" target=\"_blank\" rel=\"noreferrer noopener\"><img loading=\"lazy\" decoding=\"async\" width=\"850\" height=\"948\" data-id=\"526\" src=\"https:\/\/www.drome-accueil-solidaire.org\/wp-content\/uploads\/2024\/05\/Solidarloc-MM-inauguration-renovation-1-small.jpg\" alt=\"\" class=\"wp-image-526\" srcset=\"https:\/\/www.drome-accueil-solidaire.org\/wp-content\/uploads\/2024\/05\/Solidarloc-MM-inauguration-renovation-1-small.jpg 850w, https:\/\/www.drome-accueil-solidaire.org\/wp-content\/uploads\/2024\/05\/Solidarloc-MM-inauguration-renovation-1-small-269x300.jpg 269w, https:\/\/www.drome-accueil-solidaire.org\/wp-content\/uploads\/2024\/05\/Solidarloc-MM-inauguration-renovation-1-small-768x857.jpg 768w\" sizes=\"auto, (max-width: 850px) 100vw, 850px\" \/><\/a><\/figure>\n<\/figure>\n<\/div>\n<\/div>\n<\/div><\/div>\n","protected":false},"excerpt":{"rendered":"<p>12 octobre 2024 La brocante solidaire 23 mai 2024 Le repas solidaire des r\u00e9sidents Les r\u00e9sidentes de la Maison Marguerite, m\u00e8res c\u00e9libataires sans ressources, ont eu \u00e0 c\u0153ur de contribuer aux charges de la maison. Elles ont lanc\u00e9 une invitation \u00e0 participer \u00e0 un repas compos\u00e9 de sp\u00e9cialit\u00e9s de leurs pays d&rsquo;origine et pr\u00e9par\u00e9 par [&hellip;]<\/p>\n","protected":false},"author":8,"featured_media":0,"parent":70,"menu_order":4,"comment_status":"closed","ping_status":"closed","template":"","meta":{"footnotes":""},"class_list":["post-395","page","type-page","status-publish","hentry"],"_links":{"self":[{"href":"https:\/\/www.drome-accueil-solidaire.org\/index.php?rest_route=\/wp\/v2\/pages\/395","targetHints":{"allow":["GET"]}}],"collection":[{"href":"https:\/\/www.drome-accueil-solidaire.org\/index.php?rest_route=\/wp\/v2\/pages"}],"about":[{"href":"https:\/\/www.drome-accueil-solidaire.org\/index.php?rest_route=\/wp\/v2\/types\/page"}],"author":[{"embeddable":true,"href":"https:\/\/www.drome-accueil-solidaire.org\/index.php?rest_route=\/wp\/v2\/users\/8"}],"replies":[{"embeddable":true,"href":"https:\/\/www.drome-accueil-solidaire.org\/index.php?rest_route=%2Fwp%2Fv2%2Fcomments&post=395"}],"version-history":[{"count":50,"href":"https:\/\/www.drome-accueil-solidaire.org\/index.php?rest_route=\/wp\/v2\/pages\/395\/revisions"}],"predecessor-version":[{"id":665,"href":"https:\/\/www.drome-accueil-solidaire.org\/index.php?rest_route=\/wp\/v2\/pages\/395\/revisions\/665"}],"up":[{"embeddable":true,"href":"https:\/\/www.drome-accueil-solidaire.org\/index.php?rest_route=\/wp\/v2\/pages\/70"}],"wp:attachment":[{"href":"https:\/\/www.drome-accueil-solidaire.org\/index.php?rest_route=%2Fwp%2Fv2%2Fmedia&parent=395"}],"curies":[{"name":"wp","href":"https:\/\/api.w.org\/{rel}","templated":true}]}}