{"id":397,"date":"2024-04-29T10:13:10","date_gmt":"2024-04-29T10:13:10","guid":{"rendered":"https:\/\/www.drome-accueil-solidaire.org\/?page_id=397"},"modified":"2024-06-11T20:18:35","modified_gmt":"2024-06-11T20:18:35","slug":"solidarloc-gouvernance","status":"publish","type":"page","link":"https:\/\/www.drome-accueil-solidaire.org\/?page_id=397","title":{"rendered":"Organisation Solidarloc : statuts, CA&#8230;"},"content":{"rendered":"\n<div class=\"wp-block-media-text has-media-on-the-right is-stacked-on-mobile\" style=\"grid-template-columns:auto 15%\"><div class=\"wp-block-media-text__content\">\n<p><\/p>\n<\/div><figure class=\"wp-block-media-text__media\"><a href=\"https:\/\/www.drome-accueil-solidaire.org\/?page_id=323\" target=\"_blank\" rel=\"noreferrer noopener\"><img loading=\"lazy\" decoding=\"async\" width=\"282\" height=\"253\" src=\"https:\/\/www.drome-accueil-solidaire.org\/wp-content\/uploads\/2024\/05\/Solidarloc-accueil.png\" alt=\"\" class=\"wp-image-559 size-full\"\/><\/a><\/figure><\/div>\n\n\n\n<p>Les <strong>statuts <\/strong>de l&rsquo;association Solidaloc sont accessible <a href=\"https:\/\/www.drome-accueil-solidaire.org\/wp-content\/uploads\/2024\/05\/SOLIDARLOC-statuts-mise-a-jour-12-avril-2023.pdf\" target=\"_blank\" rel=\"noreferrer noopener\">sur ce lien<\/a><\/p>\n\n\n\n<p><strong>Solidarloc est g\u00e9r\u00e9 par le conseil d&rsquo;administration<\/strong> :<\/p>\n\n\n\n<ul class=\"wp-block-list\">\n<li>Pr\u00e9sidente : Ir\u00e8ne Libert<\/li>\n\n\n\n<li>Vice pr\u00e9sidente : V\u00e9ronique Desfriches-Doria<\/li>\n\n\n\n<li>Secr\u00e9taire : Michel De La Forest<\/li>\n\n\n\n<li>Tr\u00e9sorier : Jean-Louis Cuzin<\/li>\n\n\n\n<li>Coordinatrice Comit\u00e9 de Pilotage Maison Marguerite : Marie-Th\u00e9r\u00e8se Combe<\/li>\n\n\n\n<li>Relation VDAR et services sociaux : Colette Bricard<\/li>\n\n\n\n<li>Relation Exil\u00e9s &amp; Crestois : Jean-Louis Cuzin<\/li>\n<\/ul>\n\n\n\n<p><\/p>\n\n\n\n<p>Chaque logement est suivi par un ou deux r\u00e9f\u00e9rents membres de l\u2019association.<\/p>\n\n\n\n<p>Les familles sont suivies par des membres de Solidarloc, en coordination avec les associations partenaires ou les services sociaux.<\/p>\n\n\n\n<p>Vous aimez l&rsquo;action collective, vous souhaitez d\u00e9velopper vos relations locales ? Devenez b\u00e9n\u00e9vole de Solidarloc ! Contactez l&rsquo;association sur son mail pr\u00e9sent sur la page d&rsquo;accueil.<\/p>\n","protected":false},"excerpt":{"rendered":"<p>Les statuts de l&rsquo;association Solidaloc sont accessible sur ce lien Solidarloc est g\u00e9r\u00e9 par le conseil d&rsquo;administration : Chaque logement est suivi par un ou deux r\u00e9f\u00e9rents membres de l\u2019association. Les familles sont suivies par des membres de Solidarloc, en coordination avec les associations partenaires ou les services sociaux. Vous aimez l&rsquo;action collective, vous souhaitez [&hellip;]<\/p>\n","protected":false},"author":8,"featured_media":0,"parent":70,"menu_order":5,"comment_status":"closed","ping_status":"closed","template":"","meta":{"footnotes":""},"class_list":["post-397","page","type-page","status-publish","hentry"],"_links":{"self":[{"href":"https:\/\/www.drome-accueil-solidaire.org\/index.php?rest_route=\/wp\/v2\/pages\/397","targetHints":{"allow":["GET"]}}],"collection":[{"href":"https:\/\/www.drome-accueil-solidaire.org\/index.php?rest_route=\/wp\/v2\/pages"}],"about":[{"href":"https:\/\/www.drome-accueil-solidaire.org\/index.php?rest_route=\/wp\/v2\/types\/page"}],"author":[{"embeddable":true,"href":"https:\/\/www.drome-accueil-solidaire.org\/index.php?rest_route=\/wp\/v2\/users\/8"}],"replies":[{"embeddable":true,"href":"https:\/\/www.drome-accueil-solidaire.org\/index.php?rest_route=%2Fwp%2Fv2%2Fcomments&post=397"}],"version-history":[{"count":18,"href":"https:\/\/www.drome-accueil-solidaire.org\/index.php?rest_route=\/wp\/v2\/pages\/397\/revisions"}],"predecessor-version":[{"id":620,"href":"https:\/\/www.drome-accueil-solidaire.org\/index.php?rest_route=\/wp\/v2\/pages\/397\/revisions\/620"}],"up":[{"embeddable":true,"href":"https:\/\/www.drome-accueil-solidaire.org\/index.php?rest_route=\/wp\/v2\/pages\/70"}],"wp:attachment":[{"href":"https:\/\/www.drome-accueil-solidaire.org\/index.php?rest_route=%2Fwp%2Fv2%2Fmedia&parent=397"}],"curies":[{"name":"wp","href":"https:\/\/api.w.org\/{rel}","templated":true}]}}