{"id":447,"date":"2024-05-13T13:50:16","date_gmt":"2024-05-13T13:50:16","guid":{"rendered":"https:\/\/www.drome-accueil-solidaire.org\/?page_id=447"},"modified":"2024-06-11T20:16:59","modified_gmt":"2024-06-11T20:16:59","slug":"la-maison-marguerite","status":"publish","type":"page","link":"https:\/\/www.drome-accueil-solidaire.org\/?page_id=447","title":{"rendered":"Les logements de Solidarloc"},"content":{"rendered":"\n<div class=\"wp-block-media-text has-media-on-the-right is-stacked-on-mobile\" style=\"grid-template-columns:auto 15%\"><div class=\"wp-block-media-text__content\">\n<p><\/p>\n<\/div><figure class=\"wp-block-media-text__media\"><a href=\"https:\/\/www.drome-accueil-solidaire.org\/?page_id=323\" target=\"_blank\" rel=\"noreferrer noopener\"><img loading=\"lazy\" decoding=\"async\" width=\"282\" height=\"253\" src=\"https:\/\/www.drome-accueil-solidaire.org\/wp-content\/uploads\/2024\/05\/Solidarloc-accueil.png\" alt=\"\" class=\"wp-image-559 size-full\"\/><\/a><\/figure><\/div>\n\n\n\n<p class=\"has-extra-large-font-size\"><mark style=\"background-color:rgba(0, 0, 0, 0)\" class=\"has-inline-color has-secondary-color\"><strong>La Maison Marguerite<\/strong><\/mark><\/p>\n\n\n\n<div class=\"wp-block-group is-layout-constrained wp-block-group-is-layout-constrained\">\n<div class=\"wp-block-media-text is-stacked-on-mobile\" style=\"grid-template-columns:32% auto\"><figure class=\"wp-block-media-text__media\"><a href=\"https:\/\/www.drome-accueil-solidaire.org\/wp-content\/uploads\/2024\/05\/Solidarloc-MM-vue-rue.jpg\" target=\"_blank\" rel=\"noreferrer noopener\"><img loading=\"lazy\" decoding=\"async\" width=\"655\" height=\"1024\" src=\"https:\/\/www.drome-accueil-solidaire.org\/wp-content\/uploads\/2024\/05\/Solidarloc-MM-vue-rue-655x1024.jpg\" alt=\"\" class=\"wp-image-438 size-full\" srcset=\"https:\/\/www.drome-accueil-solidaire.org\/wp-content\/uploads\/2024\/05\/Solidarloc-MM-vue-rue-655x1024.jpg 655w, https:\/\/www.drome-accueil-solidaire.org\/wp-content\/uploads\/2024\/05\/Solidarloc-MM-vue-rue-192x300.jpg 192w, https:\/\/www.drome-accueil-solidaire.org\/wp-content\/uploads\/2024\/05\/Solidarloc-MM-vue-rue-768x1200.jpg 768w, https:\/\/www.drome-accueil-solidaire.org\/wp-content\/uploads\/2024\/05\/Solidarloc-MM-vue-rue.jpg 800w\" sizes=\"auto, (max-width: 655px) 100vw, 655px\" \/><\/a><\/figure><div class=\"wp-block-media-text__content\">\n<p>La Maison Marguerite est situ\u00e9e au 21 cours Joubernon, \u00e0 Crest.<\/p>\n\n\n\n<p>La Maison Marguerite, c\u2019est une aventure solidaire bas\u00e9e sur le b\u00e9n\u00e9volat&nbsp;: chantiers participatifs, dons de mat\u00e9riel, d\u2019argent, et la volont\u00e9 d\u2019un propri\u00e9taire co\u00efncidant avec celle d\u2019un groupe de personnes sensibles aux probl\u00e8mes de logement que rencontrent les personnes qu\u2019elles accueillent.<\/p>\n<\/div><\/div>\n<\/div>\n\n\n\n<p>Apr\u00e8s une p\u00e9riode de r\u00e9flexion avec d\u2019autres associations de Crest et d\u2019\u00e9valuation des co\u00fbts, le Secours Catholique national ne soutient pas cette op\u00e9ration et finalement d\u00e9cline de devenir le partenaire de cette action.<\/p>\n\n\n\n<p>Le groupe associatif, toujours motiv\u00e9, continue ses r\u00e9unions en vue de trouver une solution, qui viendra de l\u2019association Solidarloc, association cr\u00e9\u00e9e pour aider \u00e0 trouver un logement \u00e0 des personnes qui n\u2019ont pas le profil pour b\u00e9n\u00e9ficier d\u2019un logement social, \u00e0 qui&nbsp;les agences ou les propri\u00e9taires ne veulent pas signer un bail.<\/p>\n\n\n\n<div class=\"wp-block-media-text is-stacked-on-mobile\" style=\"grid-template-columns:39% auto\"><figure class=\"wp-block-media-text__media\"><a href=\"https:\/\/www.drome-accueil-solidaire.org\/wp-content\/uploads\/2024\/05\/Solidarloc-MM-signature-bail.jpg\" target=\"_blank\" rel=\"noreferrer noopener\"><img loading=\"lazy\" decoding=\"async\" width=\"576\" height=\"325\" src=\"https:\/\/www.drome-accueil-solidaire.org\/wp-content\/uploads\/2024\/05\/Solidarloc-MM-signature-bail.jpg\" alt=\"\" class=\"wp-image-431 size-full\" srcset=\"https:\/\/www.drome-accueil-solidaire.org\/wp-content\/uploads\/2024\/05\/Solidarloc-MM-signature-bail.jpg 576w, https:\/\/www.drome-accueil-solidaire.org\/wp-content\/uploads\/2024\/05\/Solidarloc-MM-signature-bail-300x169.jpg 300w\" sizes=\"auto, (max-width: 576px) 100vw, 576px\" \/><\/a><\/figure><div class=\"wp-block-media-text__content\">\n<p>Une r\u00e9flexion est engag\u00e9e pour trouver la meilleure solution juridique qui permettra \u00e0 Solidarloc de r\u00e9nover et g\u00e9rer cet immeuble. Un bail emphyt\u00e9otique \u00e0 30 ans est finalement sign\u00e9 en septembre 2019. La Maison Marguerite est n\u00e9e.<\/p>\n<\/div><\/div>\n\n\n\n<div class=\"wp-block-group is-nowrap is-layout-flex wp-container-core-group-is-layout-6c531013 wp-block-group-is-layout-flex\">\n<div class=\"wp-block-columns is-layout-flex wp-container-core-columns-is-layout-28f84493 wp-block-columns-is-layout-flex\">\n<div class=\"wp-block-column is-layout-flow wp-block-column-is-layout-flow\" style=\"flex-basis:100%\">\n<div class=\"wp-block-media-text has-media-on-the-right is-stacked-on-mobile\" style=\"grid-template-columns:auto 29%\"><div class=\"wp-block-media-text__content\">\n<p>Un chantier men\u00e9 par des adh\u00e9rents b\u00e9n\u00e9voles et sympathisants permet de cr\u00e9er 3 logements.<\/p>\n<\/div><figure class=\"wp-block-media-text__media\"><a href=\"https:\/\/www.drome-accueil-solidaire.org\/wp-content\/uploads\/2024\/05\/Solidarloc-MM-renovation.jpg\" target=\"_blank\" rel=\"noreferrer noopener\"><img loading=\"lazy\" decoding=\"async\" width=\"520\" height=\"390\" src=\"https:\/\/www.drome-accueil-solidaire.org\/wp-content\/uploads\/2024\/05\/Solidarloc-MM-renovation.jpg\" alt=\"\" class=\"wp-image-430 size-full\" srcset=\"https:\/\/www.drome-accueil-solidaire.org\/wp-content\/uploads\/2024\/05\/Solidarloc-MM-renovation.jpg 520w, https:\/\/www.drome-accueil-solidaire.org\/wp-content\/uploads\/2024\/05\/Solidarloc-MM-renovation-300x225.jpg 300w\" sizes=\"auto, (max-width: 520px) 100vw, 520px\" \/><\/a><\/figure><\/div>\n<\/div>\n<\/div>\n<\/div>\n\n\n\n<div class=\"wp-block-media-text is-stacked-on-mobile\" style=\"grid-template-columns:34% auto\"><figure class=\"wp-block-media-text__media\"><a href=\"https:\/\/www.drome-accueil-solidaire.org\/wp-content\/uploads\/2024\/05\/Solidarloc-MM-Copil.jpg\" target=\"_blank\" rel=\"noreferrer noopener\"><img loading=\"lazy\" decoding=\"async\" width=\"461\" height=\"284\" src=\"https:\/\/www.drome-accueil-solidaire.org\/wp-content\/uploads\/2024\/05\/Solidarloc-MM-Copil.jpg\" alt=\"\" class=\"wp-image-433 size-full\" srcset=\"https:\/\/www.drome-accueil-solidaire.org\/wp-content\/uploads\/2024\/05\/Solidarloc-MM-Copil.jpg 461w, https:\/\/www.drome-accueil-solidaire.org\/wp-content\/uploads\/2024\/05\/Solidarloc-MM-Copil-300x185.jpg 300w\" sizes=\"auto, (max-width: 461px) 100vw, 461px\" \/><\/a><\/figure><div class=\"wp-block-media-text__content\">\n<p> Solidarloc met en place un Comit\u00e9 de Pilotage compos\u00e9 d\u2019adh\u00e9rents pour g\u00e9rer la Maison Marguerite<\/p>\n<\/div><\/div>\n\n\n\n<div class=\"wp-block-media-text has-media-on-the-right is-stacked-on-mobile\" style=\"grid-template-columns:auto 29%\"><div class=\"wp-block-media-text__content\">\n<p>Une premi\u00e8re famille est accueillie d\u00e8s le 1<sup>er<\/sup> ao\u00fbt 2020.<\/p>\n\n\n\n<p class=\"has-text-align-right\">L&rsquo;inauguration (18 septembre 2020)<\/p>\n<\/div><figure class=\"wp-block-media-text__media\"><a href=\"https:\/\/www.drome-accueil-solidaire.org\/wp-content\/uploads\/2024\/05\/Solidarloc-MM-inauguration-18-09-2020.jpg\" target=\"_blank\" rel=\"noreferrer noopener\"><img loading=\"lazy\" decoding=\"async\" width=\"1024\" height=\"768\" src=\"https:\/\/www.drome-accueil-solidaire.org\/wp-content\/uploads\/2024\/05\/Solidarloc-MM-inauguration-18-09-2020-1024x768.jpg\" alt=\"\" class=\"wp-image-493 size-full\" srcset=\"https:\/\/www.drome-accueil-solidaire.org\/wp-content\/uploads\/2024\/05\/Solidarloc-MM-inauguration-18-09-2020-1024x768.jpg 1024w, https:\/\/www.drome-accueil-solidaire.org\/wp-content\/uploads\/2024\/05\/Solidarloc-MM-inauguration-18-09-2020-300x225.jpg 300w, https:\/\/www.drome-accueil-solidaire.org\/wp-content\/uploads\/2024\/05\/Solidarloc-MM-inauguration-18-09-2020-768x576.jpg 768w, https:\/\/www.drome-accueil-solidaire.org\/wp-content\/uploads\/2024\/05\/Solidarloc-MM-inauguration-18-09-2020.jpg 1200w\" sizes=\"auto, (max-width: 1024px) 100vw, 1024px\" \/><\/a><\/figure><\/div>\n\n\n\n<p class=\"has-extra-large-font-size\"><strong><mark style=\"background-color:rgba(0, 0, 0, 0)\" class=\"has-inline-color has-secondary-color\">Les autres logements<\/mark><\/strong><\/p>\n\n\n\n<p><strong>Aouste-sur-Sye <\/strong>:<\/p>\n\n\n\n<ul class=\"wp-block-list\">\n<li>un appartement de type T3, propri\u00e9t\u00e9 de la  commune d&rsquo;Aouste-sur-Sye<\/li>\n<\/ul>\n\n\n\n<p><strong>Crest <\/strong>:<\/p>\n\n\n\n<p>logements lou\u00e9s \u00e0 Solidarloc ou mis \u00e0 disposition par des propri\u00e9taires priv\u00e9s<\/p>\n\n\n\n<ul class=\"wp-block-list\">\n<li>le Chalet Richard, de type T2<\/li>\n<\/ul>\n\n\n\n<ul class=\"wp-block-list\">\n<li>la maison St Fran\u00e7ois, de type T3<\/li>\n<\/ul>\n\n\n\n<ul class=\"wp-block-list\">\n<li>rue du G\u00e9n\u00e9ral Berlier, appartement de type T3<\/li>\n<\/ul>\n\n\n\n<ul class=\"wp-block-list\">\n<li>la maison Aristide Dumont, de type T5<\/li>\n<\/ul>\n","protected":false},"excerpt":{"rendered":"<p>La Maison Marguerite La Maison Marguerite est situ\u00e9e au 21 cours Joubernon, \u00e0 Crest. La Maison Marguerite, c\u2019est une aventure solidaire bas\u00e9e sur le b\u00e9n\u00e9volat&nbsp;: chantiers participatifs, dons de mat\u00e9riel, d\u2019argent, et la volont\u00e9 d\u2019un propri\u00e9taire co\u00efncidant avec celle d\u2019un groupe de personnes sensibles aux probl\u00e8mes de logement que rencontrent les personnes qu\u2019elles accueillent. Apr\u00e8s [&hellip;]<\/p>\n","protected":false},"author":8,"featured_media":0,"parent":70,"menu_order":3,"comment_status":"closed","ping_status":"closed","template":"","meta":{"footnotes":""},"class_list":["post-447","page","type-page","status-publish","hentry"],"_links":{"self":[{"href":"https:\/\/www.drome-accueil-solidaire.org\/index.php?rest_route=\/wp\/v2\/pages\/447","targetHints":{"allow":["GET"]}}],"collection":[{"href":"https:\/\/www.drome-accueil-solidaire.org\/index.php?rest_route=\/wp\/v2\/pages"}],"about":[{"href":"https:\/\/www.drome-accueil-solidaire.org\/index.php?rest_route=\/wp\/v2\/types\/page"}],"author":[{"embeddable":true,"href":"https:\/\/www.drome-accueil-solidaire.org\/index.php?rest_route=\/wp\/v2\/users\/8"}],"replies":[{"embeddable":true,"href":"https:\/\/www.drome-accueil-solidaire.org\/index.php?rest_route=%2Fwp%2Fv2%2Fcomments&post=447"}],"version-history":[{"count":24,"href":"https:\/\/www.drome-accueil-solidaire.org\/index.php?rest_route=\/wp\/v2\/pages\/447\/revisions"}],"predecessor-version":[{"id":618,"href":"https:\/\/www.drome-accueil-solidaire.org\/index.php?rest_route=\/wp\/v2\/pages\/447\/revisions\/618"}],"up":[{"embeddable":true,"href":"https:\/\/www.drome-accueil-solidaire.org\/index.php?rest_route=\/wp\/v2\/pages\/70"}],"wp:attachment":[{"href":"https:\/\/www.drome-accueil-solidaire.org\/index.php?rest_route=%2Fwp%2Fv2%2Fmedia&parent=447"}],"curies":[{"name":"wp","href":"https:\/\/api.w.org\/{rel}","templated":true}]}}